{"id":2919,"date":"2025-07-01T20:43:26","date_gmt":"2025-07-01T20:43:26","guid":{"rendered":"https:\/\/plaxma.tv\/?page_id=2919"},"modified":"2025-07-02T00:40:12","modified_gmt":"2025-07-02T00:40:12","slug":"nosotros","status":"publish","type":"page","link":"https:\/\/plaxma.tv\/en\/nosotros\/","title":{"rendered":"About us"},"content":{"rendered":"<div data-elementor-type=\"wp-page\" data-elementor-id=\"2919\" class=\"elementor elementor-2919\" data-elementor-post-type=\"page\">\n\t\t\t\t<div class=\"elementor-element elementor-element-07d0140 e-con-full e-flex e-con e-parent\" data-id=\"07d0140\" data-element_type=\"container\" data-e-type=\"container\" data-settings=\"{&quot;background_background&quot;:&quot;classic&quot;}\">\n\t\t\t\t<div class=\"elementor-element elementor-element-e9bcbdf parallax elementor-widget elementor-widget-html\" data-id=\"e9bcbdf\" data-element_type=\"widget\" data-e-type=\"widget\" data-widget_type=\"html.default\">\n\t\t\t\t<div class=\"elementor-widget-container\">\n\t\t\t\t\t<script language=\"JavaScript\" type=\"text\/javascript\">\n\n\n;(function($) {\n\n   'use strict'\n\n    var testMobile;\n    var isMobile = {\n        Android: function() {\n            return navigator.userAgent.match(\/Android\/i);\n        },\n        BlackBerry: function() {\n            return navigator.userAgent.match(\/BlackBerry\/i);\n        },\n        iOS: function() {\n            return navigator.userAgent.match(\/iPhone|iPad|iPod\/i);\n        },\n        Opera: function() {\n            return navigator.userAgent.match(\/Opera Mini\/i);\n        },\n        Windows: function() {\n            return navigator.userAgent.match(\/IEMobile\/i);\n        },\n        any: function() {\n            return (isMobile.Android() || isMobile.BlackBerry() || isMobile.iOS() || isMobile.Opera() || isMobile.Windows());\n        }\n    };\n\n  var parallax = function() {\n    testMobile = isMobile.any();\n    if (testMobile == null) {\n      $(\".parallax\").parallax(\"50%\", 0.3);\n    }\n  };\n\n  \/\/ Dom Ready\n  $(function() {\n    parallax();\n       });\n})(jQuery);\n\n\n!function(n){var t=n(window),e=t.height();t.resize(function(){e=t.height()}),n.fn.parallax=function(o,r,i){function u(){var i=t.scrollTop();l.each(function(t,u){var l=n(u),f=l.offset().top,s=a(l);i>f+s||f>i+e||l.css(\"backgroundPosition\",o+\" \"+Math.round((l.data(\"firstTop\")-i)*r)+\"px\")})}var a,l=n(this);l.each(function(t,e){$element=n(e),$element.data(\"firstTop\",$element.offset().top)}),a=i?function(n){return n.outerHeight(!0)}:function(n){return n.height()},(arguments.length<1||null===o)&&(o=\"50%\"),(arguments.length<2||null===r)&&(r=.1),(arguments.length<3||null===i)&&(i=!0),t.bind(\"scroll\",u).resize(u),u()}}(jQuery);\n\n    <\/script>\t\t\t\t<\/div>\n\t\t\t\t<\/div>\n\t\t\t\t<div class=\"elementor-element elementor-element-76c85b3 elementor-fixed animated-slow elementor-invisible elementor-widget elementor-widget-heading\" data-id=\"76c85b3\" data-element_type=\"widget\" data-e-type=\"widget\" data-settings=\"{&quot;_position&quot;:&quot;fixed&quot;,&quot;_animation&quot;:&quot;fadeInUp&quot;,&quot;_animation_delay&quot;:0}\" data-widget_type=\"heading.default\">\n\t\t\t\t<div class=\"elementor-widget-container\">\n\t\t\t\t\t<h1 class=\"elementor-heading-title elementor-size-default\">About us<\/h1>\t\t\t\t<\/div>\n\t\t\t\t<\/div>\n\t\t\t\t<div class=\"elementor-element elementor-element-282ed36 elementor-invisible elementor-widget elementor-widget-image\" data-id=\"282ed36\" data-element_type=\"widget\" data-e-type=\"widget\" data-settings=\"{&quot;_animation&quot;:&quot;fadeIn&quot;,&quot;_animation_delay&quot;:0}\" data-widget_type=\"image.default\">\n\t\t\t\t<div class=\"elementor-widget-container\">\n\t\t\t\t\t\t\t\t\t\t\t\t\t\t\t<img fetchpriority=\"high\" decoding=\"async\" width=\"800\" height=\"450\" src=\"https:\/\/plaxma.tv\/wp-content\/uploads\/2025\/07\/Marco2-1024x576.png\" class=\"attachment-large size-large wp-image-2894\" alt=\"\" srcset=\"https:\/\/plaxma.tv\/wp-content\/uploads\/2025\/07\/Marco2-1024x576.png 1024w, https:\/\/plaxma.tv\/wp-content\/uploads\/2025\/07\/Marco2-300x169.png 300w, https:\/\/plaxma.tv\/wp-content\/uploads\/2025\/07\/Marco2-768x432.png 768w, https:\/\/plaxma.tv\/wp-content\/uploads\/2025\/07\/Marco2-1536x864.png 1536w, https:\/\/plaxma.tv\/wp-content\/uploads\/2025\/07\/Marco2-18x10.png 18w, https:\/\/plaxma.tv\/wp-content\/uploads\/2025\/07\/Marco2.png 1920w\" sizes=\"(max-width: 800px) 100vw, 800px\" \/>\t\t\t\t\t\t\t\t\t\t\t\t\t\t\t<\/div>\n\t\t\t\t<\/div>\n\t\t\t\t<div class=\"elementor-element elementor-element-710995f elementor-absolute elementor-invisible elementor-widget elementor-widget-image\" data-id=\"710995f\" data-element_type=\"widget\" data-e-type=\"widget\" data-settings=\"{&quot;_position&quot;:&quot;absolute&quot;,&quot;_animation&quot;:&quot;fadeIn&quot;,&quot;_animation_delay&quot;:0}\" data-widget_type=\"image.default\">\n\t\t\t\t<div class=\"elementor-widget-container\">\n\t\t\t\t\t\t\t\t\t\t\t\t\t\t\t<img decoding=\"async\" width=\"800\" height=\"450\" src=\"https:\/\/plaxma.tv\/wp-content\/uploads\/2025\/07\/Marco1-1024x576.png\" class=\"attachment-large size-large wp-image-2895\" alt=\"\" srcset=\"https:\/\/plaxma.tv\/wp-content\/uploads\/2025\/07\/Marco1-1024x576.png 1024w, https:\/\/plaxma.tv\/wp-content\/uploads\/2025\/07\/Marco1-300x169.png 300w, https:\/\/plaxma.tv\/wp-content\/uploads\/2025\/07\/Marco1-768x432.png 768w, https:\/\/plaxma.tv\/wp-content\/uploads\/2025\/07\/Marco1-1536x864.png 1536w, https:\/\/plaxma.tv\/wp-content\/uploads\/2025\/07\/Marco1-18x10.png 18w, https:\/\/plaxma.tv\/wp-content\/uploads\/2025\/07\/Marco1.png 1920w\" sizes=\"(max-width: 800px) 100vw, 800px\" \/>\t\t\t\t\t\t\t\t\t\t\t\t\t\t\t<\/div>\n\t\t\t\t<\/div>\n\t\t\t\t<div class=\"elementor-element elementor-element-cebbcb2 elementor-absolute elementor-invisible elementor-widget elementor-widget-image\" data-id=\"cebbcb2\" data-element_type=\"widget\" data-e-type=\"widget\" data-settings=\"{&quot;_position&quot;:&quot;absolute&quot;,&quot;_animation&quot;:&quot;slideInUp&quot;,&quot;_animation_delay&quot;:0.5}\" data-widget_type=\"image.default\">\n\t\t\t\t<div class=\"elementor-widget-container\">\n\t\t\t\t\t\t\t\t\t\t\t\t\t\t\t<img decoding=\"async\" width=\"2048\" height=\"1152\" src=\"https:\/\/plaxma.tv\/wp-content\/uploads\/2025\/07\/EdificioEscaladoLogo.png\" class=\"attachment-full size-full wp-image-3011\" alt=\"\" srcset=\"https:\/\/plaxma.tv\/wp-content\/uploads\/2025\/07\/EdificioEscaladoLogo.png 2048w, https:\/\/plaxma.tv\/wp-content\/uploads\/2025\/07\/EdificioEscaladoLogo-300x169.png 300w, https:\/\/plaxma.tv\/wp-content\/uploads\/2025\/07\/EdificioEscaladoLogo-1024x576.png 1024w, https:\/\/plaxma.tv\/wp-content\/uploads\/2025\/07\/EdificioEscaladoLogo-768x432.png 768w, https:\/\/plaxma.tv\/wp-content\/uploads\/2025\/07\/EdificioEscaladoLogo-1536x864.png 1536w, https:\/\/plaxma.tv\/wp-content\/uploads\/2025\/07\/EdificioEscaladoLogo-18x10.png 18w\" sizes=\"(max-width: 2048px) 100vw, 2048px\" \/>\t\t\t\t\t\t\t\t\t\t\t\t\t\t\t<\/div>\n\t\t\t\t<\/div>\n\t\t\t\t<\/div>\n\t\t<div class=\"elementor-element elementor-element-3a31438 e-flex e-con-boxed e-con e-parent\" data-id=\"3a31438\" data-element_type=\"container\" data-e-type=\"container\" data-settings=\"{&quot;background_background&quot;:&quot;classic&quot;}\">\n\t\t\t\t\t<div class=\"e-con-inner\">\n\t\t<div class=\"elementor-element elementor-element-69127d3 e-grid e-con-full elementor-invisible e-con e-child\" data-id=\"69127d3\" data-element_type=\"container\" data-e-type=\"container\" data-settings=\"{&quot;animation&quot;:&quot;fadeInLeft&quot;}\">\n\t\t\t\t<div class=\"elementor-element elementor-element-b22813e elementor-widget elementor-widget-heading\" data-id=\"b22813e\" data-element_type=\"widget\" data-e-type=\"widget\" data-widget_type=\"heading.default\">\n\t\t\t\t<div class=\"elementor-widget-container\">\n\t\t\t\t\t<h2 class=\"elementor-heading-title elementor-size-default\">Our Mission<\/h2>\t\t\t\t<\/div>\n\t\t\t\t<\/div>\n\t\t\t\t<div class=\"elementor-element elementor-element-12dfd1b elementor-widget elementor-widget-text-editor\" data-id=\"12dfd1b\" data-element_type=\"widget\" data-e-type=\"widget\" data-widget_type=\"text-editor.default\">\n\t\t\t\t<div class=\"elementor-widget-container\">\n\t\t\t\t\t\t\t\t\t<p>To transform the way organizations and businesses communicate visually, using innovative digital signage that informs, inspires, and connects with people at the right time and place. From industrial facilities to retail stores and customer service areas, we help our clients communicate with clarity, efficiency, and impact.<\/p>\t\t\t\t\t\t\t\t<\/div>\n\t\t\t\t<\/div>\n\t\t\t\t<\/div>\n\t\t\t\t\t<\/div>\n\t\t\t\t<\/div>\n\t\t<div class=\"elementor-element elementor-element-285dfa1 e-flex e-con-boxed e-con e-parent\" data-id=\"285dfa1\" data-element_type=\"container\" data-e-type=\"container\" data-settings=\"{&quot;background_background&quot;:&quot;classic&quot;}\">\n\t\t\t\t\t<div class=\"e-con-inner\">\n\t\t<div class=\"elementor-element elementor-element-7dc31ae e-grid e-con-full elementor-invisible e-con e-child\" data-id=\"7dc31ae\" data-element_type=\"container\" data-e-type=\"container\" data-settings=\"{&quot;animation&quot;:&quot;fadeInRight&quot;}\">\n\t\t\t\t<div class=\"elementor-element elementor-element-f6ffad4 elementor-widget elementor-widget-text-editor\" data-id=\"f6ffad4\" data-element_type=\"widget\" data-e-type=\"widget\" data-widget_type=\"text-editor.default\">\n\t\t\t\t<div class=\"elementor-widget-container\">\n\t\t\t\t\t\t\t\t\t<p data-start=\"737\" data-end=\"1103\">To become the leading digital signage solutions company in Latin America, recognized for enhancing both internal and external communication across all industries and sectors. We aim to fill our clients\u2019 screens with useful, dynamic, and strategic content that boosts productivity, customer experience, and organizational culture.<\/p>\t\t\t\t\t\t\t\t<\/div>\n\t\t\t\t<\/div>\n\t\t\t\t<div class=\"elementor-element elementor-element-2ac6fef elementor-widget elementor-widget-heading\" data-id=\"2ac6fef\" data-element_type=\"widget\" data-e-type=\"widget\" data-widget_type=\"heading.default\">\n\t\t\t\t<div class=\"elementor-widget-container\">\n\t\t\t\t\t<h2 class=\"elementor-heading-title elementor-size-default\">Our Vision<\/h2>\t\t\t\t<\/div>\n\t\t\t\t<\/div>\n\t\t\t\t<\/div>\n\t\t\t\t\t<\/div>\n\t\t\t\t<\/div>\n\t\t<div class=\"elementor-element elementor-element-ebc55e1 e-flex e-con-boxed e-con e-parent\" data-id=\"ebc55e1\" data-element_type=\"container\" data-e-type=\"container\" data-settings=\"{&quot;background_background&quot;:&quot;classic&quot;}\">\n\t\t\t\t\t<div class=\"e-con-inner\">\n\t\t<div class=\"elementor-element elementor-element-3c5405c e-grid e-con-full elementor-invisible e-con e-child\" data-id=\"3c5405c\" data-element_type=\"container\" data-e-type=\"container\" data-settings=\"{&quot;animation&quot;:&quot;fadeInUp&quot;}\">\n\t\t\t\t<div class=\"elementor-element elementor-element-3e4133d elementor-widget elementor-widget-heading\" data-id=\"3e4133d\" data-element_type=\"widget\" data-e-type=\"widget\" data-widget_type=\"heading.default\">\n\t\t\t\t<div class=\"elementor-widget-container\">\n\t\t\t\t\t<h2 class=\"elementor-heading-title elementor-size-default\">Our Values<\/h2>\t\t\t\t<\/div>\n\t\t\t\t<\/div>\n\t\t\t\t<div class=\"elementor-element elementor-element-1bd3e63 elementor-widget elementor-widget-text-editor\" data-id=\"1bd3e63\" data-element_type=\"widget\" data-e-type=\"widget\" data-widget_type=\"text-editor.default\">\n\t\t\t\t<div class=\"elementor-widget-container\">\n\t\t\t\t\t\t\t\t\t<ul data-start=\"1139\" data-end=\"1805\"><li data-start=\"1139\" data-end=\"1294\"><p data-start=\"1141\" data-end=\"1294\"><strong data-start=\"1141\" data-end=\"1157\">Versatility<\/strong><br data-start=\"1157\" data-end=\"1160\" \/>We adapt to any industry and need, from operational communication on the factory floor to visual marketing at the point of sale.<\/p><\/li><li data-start=\"1296\" data-end=\"1398\"><p data-start=\"1298\" data-end=\"1398\"><strong data-start=\"1298\" data-end=\"1310\">Clarity<\/strong><br data-start=\"1310\" data-end=\"1313\" \/>We design solutions that communicate messages in a simple, direct, and memorable way.<\/p><\/li><li data-start=\"1400\" data-end=\"1528\"><p data-start=\"1402\" data-end=\"1528\"><strong data-start=\"1402\" data-end=\"1416\">Innovation<\/strong><br data-start=\"1416\" data-end=\"1419\" \/>We constantly evolve our tools, formats, and content to stay at the forefront of the industry.<\/p><\/li><li data-start=\"1530\" data-end=\"1663\"><p data-start=\"1532\" data-end=\"1663\"><strong data-start=\"1532\" data-end=\"1546\">Commitment<\/strong><br data-start=\"1546\" data-end=\"1549\" \/>We engage with each client as a strategic partner, providing close, fast, and personalized support.<\/p><\/li><li data-start=\"1665\" data-end=\"1805\"><p data-start=\"1667\" data-end=\"1805\"><strong data-start=\"1667\" data-end=\"1681\">Efficiency<\/strong><br data-start=\"1681\" data-end=\"1684\" \/>We optimize processes, reduce response times, and ensure that information reaches where it\u2019s needed, in real time.<\/p><\/li><\/ul>\t\t\t\t\t\t\t\t<\/div>\n\t\t\t\t<\/div>\n\t\t\t\t<\/div>\n\t\t\t\t\t<\/div>\n\t\t\t\t<\/div>\n\t\t\t\t<\/div>","protected":false},"excerpt":{"rendered":"<p>Nosotros Nuestra Misi\u00f3n Transformar la forma en que las organizaciones y negocios se comunican visualmente, utilizando se\u00f1alizaci\u00f3n digital innovadora que informa, inspira y conecta con las personas en el momento y lugar adecuados. Desde plantas industriales hasta tiendas de retail y \u00e1reas de atenci\u00f3n al cliente, ayudamos a nuestros clientes a comunicar con claridad, eficiencia [&hellip;]<\/p>\n","protected":false},"author":7,"featured_media":0,"parent":0,"menu_order":0,"comment_status":"closed","ping_status":"closed","template":"","meta":{"nf_dc_page":"","footnotes":""},"class_list":["post-2919","page","type-page","status-publish","hentry"],"_links":{"self":[{"href":"https:\/\/plaxma.tv\/en\/wp-json\/wp\/v2\/pages\/2919","targetHints":{"allow":["GET"]}}],"collection":[{"href":"https:\/\/plaxma.tv\/en\/wp-json\/wp\/v2\/pages"}],"about":[{"href":"https:\/\/plaxma.tv\/en\/wp-json\/wp\/v2\/types\/page"}],"author":[{"embeddable":true,"href":"https:\/\/plaxma.tv\/en\/wp-json\/wp\/v2\/users\/7"}],"replies":[{"embeddable":true,"href":"https:\/\/plaxma.tv\/en\/wp-json\/wp\/v2\/comments?post=2919"}],"version-history":[{"count":38,"href":"https:\/\/plaxma.tv\/en\/wp-json\/wp\/v2\/pages\/2919\/revisions"}],"predecessor-version":[{"id":3014,"href":"https:\/\/plaxma.tv\/en\/wp-json\/wp\/v2\/pages\/2919\/revisions\/3014"}],"wp:attachment":[{"href":"https:\/\/plaxma.tv\/en\/wp-json\/wp\/v2\/media?parent=2919"}],"curies":[{"name":"wp","href":"https:\/\/api.w.org\/{rel}","templated":true}]}}